{"id":11,"date":"2026-04-14T11:09:38","date_gmt":"2026-04-14T11:09:38","guid":{"rendered":"https:\/\/javeawindows.com\/?page_id=11"},"modified":"2026-04-20T19:17:58","modified_gmt":"2026-04-20T19:17:58","slug":"home","status":"publish","type":"page","link":"https:\/\/javeawindows.com\/","title":{"rendered":"Home"},"content":{"rendered":"\n<div class=\"gb-element-50f032e3\">\n<div class=\"gb-element-358dc9a0\">\n<h1 class=\"wp-block-heading has-base-3-color has-text-color has-link-color wp-elements-d7e948f66d091563b9001790688489b8\">Window and Door Installation in J\u00e1vea<\/h1>\n\n\n\n<p class=\"has-base-3-color has-text-color has-link-color wp-elements-afdf131bef0d67081f319ee6c0993bfd\">Window and door installation across J\u00e1vea, Moraira, D\u00e9nia and Benitachell, including glass curtains, mosquito nets and repairs.<\/p>\n\n\n\n<div class=\"gb-element-8a04bdd1\">\n<a class=\"gb-text gb-text-6f2882f0\">Arrange a Quote<\/a>\n<\/div>\n<\/div>\n<\/div>\n\n\n\n<div class=\"gb-element-c109b59a\">\n<p>Most window and door work in J\u00e1vea involves replacing older aluminium or timber frames that struggle with heat, glare and sealing. Window replacement using modern PVC or aluminium systems is common across villas and apartments, particularly where insulation and usability need improving.<\/p>\n\n\n\n<p>Installation work includes sliding doors, standard window fitting, glass curtain systems, mosquito nets and persianas, along with adjustments and repairs to existing frames. Work varies depending on access, property layout and orientation.<\/p>\n<\/div>\n\n\n\n<div class=\"gb-element-25c84b5f\">\n<div class=\"wp-block-columns is-layout-flex wp-container-core-columns-is-layout-9d6595d7 wp-block-columns-is-layout-flex\">\n<div class=\"wp-block-column is-layout-flow wp-block-column-is-layout-flow\">\n<figure class=\"wp-block-image size-large\"><a href=\"https:\/\/javeawindows.com\/windows\/\"><img loading=\"lazy\" decoding=\"async\" width=\"1024\" height=\"683\" src=\"https:\/\/javeawindows.com\/wp-content\/uploads\/2026\/04\/2JW_Windows_fixed-1-1024x683.png\" alt=\"\" class=\"wp-image-114\" srcset=\"https:\/\/javeawindows.com\/wp-content\/uploads\/2026\/04\/2JW_Windows_fixed-1-1024x683.png 1024w, https:\/\/javeawindows.com\/wp-content\/uploads\/2026\/04\/2JW_Windows_fixed-1-300x200.png 300w, https:\/\/javeawindows.com\/wp-content\/uploads\/2026\/04\/2JW_Windows_fixed-1-768x512.png 768w, https:\/\/javeawindows.com\/wp-content\/uploads\/2026\/04\/2JW_Windows_fixed-1.png 1200w\" sizes=\"auto, (max-width: 1024px) 100vw, 1024px\" \/><\/a><\/figure>\n\n\n\n<div style=\"height:15px\" aria-hidden=\"true\" class=\"wp-block-spacer\"><\/div>\n\n\n\n<p class=\"has-text-align-center has-accent-color has-text-color has-link-color wp-elements-8e8d40de8d26d38f31ac5c26b32560ea\"><a href=\"https:\/\/javeawindows.com\/windows\/\" title=\"\">Windows<\/a><\/p>\n<\/div>\n\n\n\n<div class=\"wp-block-column is-layout-flow wp-block-column-is-layout-flow\">\n<figure class=\"wp-block-image size-large\"><a href=\"https:\/\/javeawindows.com\/doors\/\"><img loading=\"lazy\" decoding=\"async\" width=\"1024\" height=\"683\" src=\"https:\/\/javeawindows.com\/wp-content\/uploads\/2026\/04\/2JW-doors-hp-card_fixed-1-1024x683.png\" alt=\"\" class=\"wp-image-115\" srcset=\"https:\/\/javeawindows.com\/wp-content\/uploads\/2026\/04\/2JW-doors-hp-card_fixed-1-1024x683.png 1024w, https:\/\/javeawindows.com\/wp-content\/uploads\/2026\/04\/2JW-doors-hp-card_fixed-1-300x200.png 300w, https:\/\/javeawindows.com\/wp-content\/uploads\/2026\/04\/2JW-doors-hp-card_fixed-1-768x512.png 768w, https:\/\/javeawindows.com\/wp-content\/uploads\/2026\/04\/2JW-doors-hp-card_fixed-1.png 1200w\" sizes=\"auto, (max-width: 1024px) 100vw, 1024px\" \/><\/a><\/figure>\n\n\n\n<div style=\"height:15px\" aria-hidden=\"true\" class=\"wp-block-spacer\"><\/div>\n\n\n\n<p class=\"has-text-align-center has-accent-color has-text-color has-link-color wp-elements-06384694de5996fb660975d6a4be4b58\"><a href=\"https:\/\/javeawindows.com\/doors\/\" title=\"\">Doors<\/a><\/p>\n<\/div>\n\n\n\n<div class=\"wp-block-column is-layout-flow wp-block-column-is-layout-flow\">\n<figure class=\"wp-block-image size-large\"><a href=\"https:\/\/javeawindows.com\/glass-curtains\/\"><img loading=\"lazy\" decoding=\"async\" width=\"1024\" height=\"683\" src=\"https:\/\/javeawindows.com\/wp-content\/uploads\/2026\/04\/2JW-glass-curtains-hp-card_fixed-1-1024x683.png\" alt=\"\" class=\"wp-image-116\" srcset=\"https:\/\/javeawindows.com\/wp-content\/uploads\/2026\/04\/2JW-glass-curtains-hp-card_fixed-1-1024x683.png 1024w, https:\/\/javeawindows.com\/wp-content\/uploads\/2026\/04\/2JW-glass-curtains-hp-card_fixed-1-300x200.png 300w, https:\/\/javeawindows.com\/wp-content\/uploads\/2026\/04\/2JW-glass-curtains-hp-card_fixed-1-768x512.png 768w, https:\/\/javeawindows.com\/wp-content\/uploads\/2026\/04\/2JW-glass-curtains-hp-card_fixed-1.png 1200w\" sizes=\"auto, (max-width: 1024px) 100vw, 1024px\" \/><\/a><\/figure>\n\n\n\n<div style=\"height:15px\" aria-hidden=\"true\" class=\"wp-block-spacer\"><\/div>\n\n\n\n<p class=\"has-text-align-center has-accent-color has-text-color has-link-color wp-elements-bd052f1a37cda7f0af063751b1b495e3\"><a href=\"https:\/\/javeawindows.com\/glass-curtains\/\" title=\"\">Glass Curtains<\/a><\/p>\n<\/div>\n<\/div>\n\n\n\n<div class=\"wp-block-columns is-layout-flex wp-container-core-columns-is-layout-9d6595d7 wp-block-columns-is-layout-flex\">\n<div class=\"wp-block-column is-layout-flow wp-block-column-is-layout-flow\">\n<figure class=\"wp-block-image size-large\"><a href=\"https:\/\/javeawindows.com\/mosquito-nets\/\"><img loading=\"lazy\" decoding=\"async\" width=\"1024\" height=\"683\" src=\"https:\/\/javeawindows.com\/wp-content\/uploads\/2026\/04\/2JW-mozzy-nets-hp-card_fixed-1-1024x683.png\" alt=\"\" class=\"wp-image-117\" srcset=\"https:\/\/javeawindows.com\/wp-content\/uploads\/2026\/04\/2JW-mozzy-nets-hp-card_fixed-1-1024x683.png 1024w, https:\/\/javeawindows.com\/wp-content\/uploads\/2026\/04\/2JW-mozzy-nets-hp-card_fixed-1-300x200.png 300w, https:\/\/javeawindows.com\/wp-content\/uploads\/2026\/04\/2JW-mozzy-nets-hp-card_fixed-1-768x512.png 768w, https:\/\/javeawindows.com\/wp-content\/uploads\/2026\/04\/2JW-mozzy-nets-hp-card_fixed-1.png 1200w\" sizes=\"auto, (max-width: 1024px) 100vw, 1024px\" \/><\/a><\/figure>\n\n\n\n<div style=\"height:15px\" aria-hidden=\"true\" class=\"wp-block-spacer\"><\/div>\n\n\n\n<p class=\"has-text-align-center has-accent-color has-text-color has-link-color wp-elements-4488414b4dc2d22ffdf2130a4b1f2683\"><a href=\"https:\/\/javeawindows.com\/mosquito-nets\/\" title=\"\">Mosquito Nets<\/a><\/p>\n<\/div>\n\n\n\n<div class=\"wp-block-column is-layout-flow wp-block-column-is-layout-flow\">\n<figure class=\"wp-block-image size-large\"><a href=\"https:\/\/javeawindows.com\/persianas\/\"><img loading=\"lazy\" decoding=\"async\" width=\"1024\" height=\"683\" src=\"https:\/\/javeawindows.com\/wp-content\/uploads\/2026\/04\/2JW_shutters_fixed-1024x683.png\" alt=\"\" class=\"wp-image-118\" srcset=\"https:\/\/javeawindows.com\/wp-content\/uploads\/2026\/04\/2JW_shutters_fixed-1024x683.png 1024w, https:\/\/javeawindows.com\/wp-content\/uploads\/2026\/04\/2JW_shutters_fixed-300x200.png 300w, https:\/\/javeawindows.com\/wp-content\/uploads\/2026\/04\/2JW_shutters_fixed-768x512.png 768w, https:\/\/javeawindows.com\/wp-content\/uploads\/2026\/04\/2JW_shutters_fixed.png 1200w\" sizes=\"auto, (max-width: 1024px) 100vw, 1024px\" \/><\/a><\/figure>\n\n\n\n<div style=\"height:15px\" aria-hidden=\"true\" class=\"wp-block-spacer\"><\/div>\n\n\n\n<p class=\"has-text-align-center has-accent-color has-text-color has-link-color wp-elements-0c43e244c8d772a99397c0dd826ac202\"><a href=\"https:\/\/javeawindows.com\/persianas\/\" title=\"\">Persianas<\/a><\/p>\n<\/div>\n\n\n\n<div class=\"wp-block-column is-layout-flow wp-block-column-is-layout-flow\">\n<figure class=\"wp-block-image size-large\"><a href=\"https:\/\/javeawindows.com\/repairs\/\"><img loading=\"lazy\" decoding=\"async\" width=\"1024\" height=\"683\" src=\"https:\/\/javeawindows.com\/wp-content\/uploads\/2026\/04\/2JW-repairs-hp-card_fixed-1-1024x683.png\" alt=\"\" class=\"wp-image-119\" srcset=\"https:\/\/javeawindows.com\/wp-content\/uploads\/2026\/04\/2JW-repairs-hp-card_fixed-1-1024x683.png 1024w, https:\/\/javeawindows.com\/wp-content\/uploads\/2026\/04\/2JW-repairs-hp-card_fixed-1-300x200.png 300w, https:\/\/javeawindows.com\/wp-content\/uploads\/2026\/04\/2JW-repairs-hp-card_fixed-1-768x512.png 768w, https:\/\/javeawindows.com\/wp-content\/uploads\/2026\/04\/2JW-repairs-hp-card_fixed-1.png 1200w\" sizes=\"auto, (max-width: 1024px) 100vw, 1024px\" \/><\/a><\/figure>\n\n\n\n<div style=\"height:15px\" aria-hidden=\"true\" class=\"wp-block-spacer\"><\/div>\n\n\n\n<p class=\"has-text-align-center has-accent-color has-text-color has-link-color wp-elements-88b7e708ea40f4bfc2b88438c9ae29cd\"><a href=\"https:\/\/javeawindows.com\/repairs\/\" title=\"\">Repairs<\/a><\/p>\n<\/div>\n<\/div>\n<\/div>\n\n\n\n<div class=\"gb-element-08844383\">\n<h2 class=\"wp-block-heading has-contrast-color has-text-color has-link-color wp-elements-97a28fc47e2db143aac64f5900222584\">Window and Door Installation in J\u00e1vea and Surrounding Areas<\/h2>\n\n\n\n<p>We install and repair windows and doors throughout J\u00e1vea, Moraira, D\u00e9nia and Benitachell. Projects range from full window replacement and new door installation to upgrades of older aluminium systems and ongoing repair work where components have worn or shifted.<\/p>\n\n\n\n<p>Get in touch to discuss your project or arrange a site visit.<\/p>\n<\/div>\n","protected":false},"excerpt":{"rendered":"<p>Window and Door Installation in J\u00e1vea Window and door installation across J\u00e1vea, Moraira, D\u00e9nia and Benitachell, including glass curtains, mosquito nets and repairs. Arrange a Quote Most window and door work in J\u00e1vea involves replacing older aluminium or timber frames that struggle with heat, glare and sealing. Window replacement using modern PVC or aluminium systems &#8230; <a title=\"Home\" class=\"read-more\" href=\"https:\/\/javeawindows.com\/\" aria-label=\"Read more about Home\">Read more<\/a><\/p>\n","protected":false},"author":1,"featured_media":0,"parent":0,"menu_order":0,"comment_status":"closed","ping_status":"closed","template":"","meta":{"footnotes":""},"class_list":["post-11","page","type-page","status-publish"],"aioseo_notices":[],"_links":{"self":[{"href":"https:\/\/javeawindows.com\/wp-json\/wp\/v2\/pages\/11","targetHints":{"allow":["GET"]}}],"collection":[{"href":"https:\/\/javeawindows.com\/wp-json\/wp\/v2\/pages"}],"about":[{"href":"https:\/\/javeawindows.com\/wp-json\/wp\/v2\/types\/page"}],"author":[{"embeddable":true,"href":"https:\/\/javeawindows.com\/wp-json\/wp\/v2\/users\/1"}],"replies":[{"embeddable":true,"href":"https:\/\/javeawindows.com\/wp-json\/wp\/v2\/comments?post=11"}],"version-history":[{"count":112,"href":"https:\/\/javeawindows.com\/wp-json\/wp\/v2\/pages\/11\/revisions"}],"predecessor-version":[{"id":329,"href":"https:\/\/javeawindows.com\/wp-json\/wp\/v2\/pages\/11\/revisions\/329"}],"wp:attachment":[{"href":"https:\/\/javeawindows.com\/wp-json\/wp\/v2\/media?parent=11"}],"curies":[{"name":"wp","href":"https:\/\/api.w.org\/{rel}","templated":true}]}}